{"id":2875,"date":"2024-03-29T17:06:13","date_gmt":"2024-03-29T16:06:13","guid":{"rendered":"https:\/\/alanamoceri.live-website.com\/tv-radio\/"},"modified":"2026-03-25T09:11:03","modified_gmt":"2026-03-25T08:11:03","slug":"en-los-medios","status":"publish","type":"page","link":"https:\/\/alanamoceri.com\/es\/en-los-medios\/","title":{"rendered":"En los medios"},"content":{"rendered":"\n<div class=\"wp-block-columns alignwide is-layout-flex wp-container-core-columns-is-layout-9d6595d7 wp-block-columns-is-layout-flex\">\n<div class=\"wp-block-column is-layout-flow wp-block-column-is-layout-flow\" style=\"flex-basis:5%\"><\/div>\n\n\n\n<div class=\"wp-block-column is-layout-flow wp-block-column-is-layout-flow\" style=\"flex-basis:45%\">\n<p>Colaboraciones con los medios seleccionados<br>A\u00f1os: 2023-2024<\/p>\n\n\n\n<ul class=\"wp-block-list\">\n<li><strong>TVE: <\/strong><a href=\"https:\/\/www.rtve.es\/play\/videos\/telediario-fin-de-semana\/biden-pato-cojo-casa-blanca-presidente-pocas-posibilidades-sacar-adelante-nuevas-medidas\/16334521\/\">\u00bfQu\u00e9 sigue para los dem\u00f3cratas?<\/a> (nov 17, 2024)<\/li>\n\n\n\n<li><strong>Canarias Radio:<\/strong> Ivoox &#8211; <a href=\"https:\/\/www.ivoox.com\/en\/claves-victoria-donald-trump-audios-mp3_rf_135878408_1.html\">La clave de la victoria de Trump<\/a> (nov 14, 2024)<\/li>\n\n\n\n<li><strong>Diario de Ucrania Podcast:<\/strong> <a href=\"https:\/\/www.rtve.es\/play\/audios\/diario-de-ucrania\/diario-ucrania-trump-llega-guerra\/16328084\/\">Trump gana la guerra<\/a> (nov 13, 2024)<\/li>\n\n\n\n<li><strong>Zoom Out Podcast:<\/strong> <a href=\"https:\/\/www.youtube.com\/watch?v=Umcurm9xZQs\">an\u00e1lisis postelectoral<\/a> (nov 10, 2024)<\/li>\n\n\n\n<li><strong>El Pais:<\/strong> <a href=\"https:\/\/elpais.com\/internacional\/elecciones-usa\/2024-11-06\/ruta-5n-programa-especial-sobre-el-resultado-electoral-en-ee-uu.html?event_log=oklogin\">Resultados de las elecciones de EE. UU.<\/a> (nov 6, 2024)<\/li>\n\n\n\n<li><strong>Tele 5:<\/strong> <a href=\"https:\/\/www.telecinco.es\/noticias\/internacional\/20241026\/elecciones-eeuu-2024-votantes-preocupados-desinformacion-generada-ia_18_013835127.html\">Desinformaci\u00f3n: una preocupaci\u00f3n real en todas las elecciones<\/a> (oct 26, 2024)<\/li>\n\n\n\n<li><strong>TV24h:<\/strong> <a href=\"https:\/\/www.youtube.com\/watch?v=I0mD6l3DcNg&amp;feature=youtu.be\">Trump and Religious VoterTrump y los votantes religiososs<\/a> (oct 26, 2024)<\/li>\n\n\n\n<li><strong>El Pais:<\/strong> <a href=\"https:\/\/elpais.com\/videos\/2024-10-02\/programa-en-directo-preguntas-y-respuestas-sobre-la-guerra-en-oriente-proximo.html?event_log=oklogin\">El conflicto en Oriente Medio y su impacto en las elecciones estadounidenses<\/a> (oct 2, 2024)<\/li>\n\n\n\n<li><strong>El Pais:<\/strong> <a href=\"https:\/\/elpais.com\/internacional\/elecciones-usa\/2024-09-11\/programa-en-directo-por-que-ha-ganado-harris-y-donde-ha-fallado-trump.html\">El Debate Presidencial<\/a> (sep 11, 2024)<\/li>\n\n\n\n<li><strong>La Mirada Critica: <\/strong><a href=\"https:\/\/www.youtube.com\/watch?v=lX-Na-9Bh2g\">Debate entre Trump y Harris<\/a> (sep 11, 2024)<\/li>\n\n\n\n<li><strong>Radio 5 RTVE:<\/strong> <a href=\"https:\/\/x.com\/radio5_rne\/status\/1815098970793984396\">Biden deja la campa\u00f1a<\/a> (julio 21, 2024)<\/li>\n\n\n\n<li><strong>Cuatro Televisi\u00f3n<\/strong>: <a href=\"http:\/\/www.atlas-news.com\/agencia-internet\/internacional\/Kamala_Harris_popularidad_sucesora_Biden_donaciones_3_2750154981.html\">La popularidad de Kamala Harris<\/a> (julio 20, 2024)<\/li>\n\n\n\n<li><strong>\u00bfY ahora qu\u00e9? El Pais<\/strong>: La candidatura de Donald Trump (julio 18, 2024)<\/li>\n\n\n\n<li><strong>Noticias 24h RTVE<\/strong>: <a href=\"https:\/\/www.youtube.com\/watch?v=Prqo1S5RmiA\">Atentado contra Trump.<\/a> (julio 14 2024)<\/li>\n\n\n\n<li><strong>Radio Nacional:<\/strong> <a href=\"https:\/\/x.com\/rne\/status\/1812433727147925651\">Atentado contra Trump<\/a> (julio 14, 2024)<\/li>\n\n\n\n<li><strong>El Pais Video:<\/strong> <a href=\"https:\/\/www.youtube.com\/watch?v=6nhzpAW0cns\">Atentado contra Trump<\/a> (julio 14, 2024)<\/li>\n\n\n\n<li><strong>La Mirada Critica Tele5<\/strong>: Biden-Trump debate (junio 28, 2024)<\/li>\n\n\n\n<li><strong>Todo es Mentira Cuatro<\/strong>: <a href=\"https:\/\/www.cuatro.com\/todoesmentira\/alacarta\/20240628\/mentira-programa-video_18_012898450.html\">Biden-Trump debate<\/a> (junio 28, 2024)<\/li>\n\n\n\n<li><strong>Noticias 24h RTVE<\/strong>: <a href=\"https:\/\/www.youtube.com\/watch?v=G-0UNUQIU2g\">University Protests in the U.S.<\/a> (mayo 4, 2024)<\/li>\n\n\n\n<li><strong>Noticias 24h RTVE: <\/strong><a href=\"https:\/\/www.youtube.com\/watch?v=F9cEYvkhSRo\">Super Tuesday<\/a> (marzo 6, 2024)<\/li>\n\n\n\n<li><strong>Noticias 24h RTVE: <\/strong><a href=\"https:\/\/www.youtube.com\/watch?v=UeTSc-MbVVY\">Visita de Sanchez a Washington<\/a> (abril 27, 2024)<\/li>\n\n\n\n<li><strong>Cadena SER<\/strong>: <a href=\"https:\/\/www.podiumpodcast.com\/podcasts\/a-vista-de-lobo-playser-em\/episodio\/3821435\/\">Elecciones EE.UU. 2024: \u00bfvoto latino para Trump?<\/a> (enero 6, 2024)<\/li>\n\n\n\n<li><strong>BBC News:<\/strong> <a href=\"https:\/\/www.youtube.com\/watch?v=SqBWv7kJnOk&amp;t=2s\">Resultados elecci\u00f3n Espa\u00f1ola<\/a> (julio 24, 2023)<\/li>\n\n\n\n<li><strong>BBC News:<\/strong> <a href=\"https:\/\/www.youtube.com\/watch?v=IaG7lgkOfWs&amp;t=2s\">Elecci\u00f3n Espa\u00f1ola<\/a> (julio 23, 2023)<\/li>\n<\/ul>\n<\/div>\n\n\n\n<div class=\"wp-block-column is-layout-flow wp-block-column-is-layout-flow\" style=\"flex-basis:45%\">\n<p>Colaboraciones con los medios seleccionados<br>A\u00f1os: 2025<\/p>\n\n\n\n<ul class=\"wp-block-list\">\n<li><strong>Radio Auton\u00f3mica de Canarias<\/strong>: <a href=\"https:\/\/rtvc.es\/la-guerra-en-iran-y-su-impacto-global-en-el-analisis-internacional-prensa-190326\/\" type=\"link\" id=\"https:\/\/rtvc.es\/la-guerra-en-iran-y-su-impacto-global-en-el-analisis-internacional-prensa-190326\/\">La guerra de Trump con Ir\u00e1n y el estrecho de Ormuz<\/a> (marzo 24, 2026)<\/li>\n\n\n\n<li><strong>DW: <\/strong><a href=\"https:\/\/www.youtube.com\/watch?v=FgSv3I779Cg\" type=\"link\" id=\"https:\/\/www.youtube.com\/watch?v=FgSv3I779Cg\">La guerra de Trump contra Ir\u00e1n<\/a> (marzo 9, 2026)<\/li>\n\n\n\n<li><strong>BBC:<\/strong> <a href=\"https:\/\/www.bbc.com\/audio\/play\/w3ct7240\" type=\"link\" id=\"https:\/\/www.bbc.com\/audio\/play\/w3ct7240\">\u00bfC\u00f3mo funcionar\u00e1 la amnist\u00eda migratoria en Espa\u00f1a?<\/a> (marzo 5, 2026)<\/li>\n\n\n\n<li><strong>La Sexta:<\/strong> <a href=\"https:\/\/www.linkedin.com\/posts\/alanamoceri_i-spoke-with-la-sexta-last-week-about-how-activity-7427346830901813248-CpAy?utm_source=share&amp;utm_medium=member_desktop&amp;rcm=ACoAAAEVha8BASY6mQ7-GxfqiCUwvIy6atOgPmI\" type=\"link\" id=\"https:\/\/www.linkedin.com\/posts\/alanamoceri_i-spoke-with-la-sexta-last-week-about-how-activity-7427346830901813248-CpAy?utm_source=share&amp;utm_medium=member_desktop&amp;rcm=ACoAAAEVha8BASY6mQ7-GxfqiCUwvIy6atOgPmI\">Trump degradando la democracia<\/a> (feb 11, 2026)<\/li>\n\n\n\n<li><strong>DW:<\/strong> <a href=\"https:\/\/www.youtube.com\/watch?app=desktop&amp;v=tGfDnmmQcw8\" type=\"link\" id=\"https:\/\/www.youtube.com\/watch?app=desktop&amp;v=tGfDnmmQcw8\">La prohibici\u00f3n de las redes sociales en Espa\u00f1aial media ban<\/a> (feb 5, 2026)<\/li>\n\n\n\n<li><strong>Australian Broadcasting Corporation (ABC): <\/strong><a href=\"https:\/\/www.youtube.com\/watch?v=dkf-ySO4pqU\" type=\"link\" id=\"https:\/\/www.youtube.com\/watch?v=dkf-ySO4pqU\">Espa\u00f1a planea otorgar estatus legal a inmigrantes indocumentados<\/a> (feb 2, 2026)<\/li>\n\n\n\n<li><strong>CadenaSER:<\/strong> <a href=\"https:\/\/cadenaser.com\/audio\/1765700233253\/\" type=\"link\" id=\"https:\/\/cadenaser.com\/audio\/1765700233253\/\">Autopen en la Casa Blanca<\/a> (dec 12, 2025)<\/li>\n\n\n\n<li><strong>Negocios<\/strong> <strong>TV:<\/strong> <a href=\"https:\/\/x.com\/negocios_tv\/status\/1984004376462229660?s=48\">El acuerdo de Trump con China<\/a> (oct 30, 2025)<\/li>\n\n\n\n<li><strong>Todo Es Mentira:<\/strong> <a href=\"https:\/\/www.mediasetinfinity.es\/programas-tv\/todo-es-mentira\/2025\/episodios\/programa-1675-40_016495493\/player\/\">El tiroteo del activista Charlie Kirk<\/a> (sep 18, 2025)<\/li>\n\n\n\n<li><strong>El Pais:<\/strong> <a href=\"https:\/\/www.dailymotion.com\/video\/x9nhili\">El caso Epstein y la reacci\u00f3n de la base MAGA de Trump<\/a> (julio 24, 2025)<\/li>\n\n\n\n<li><strong>Tele 5:<\/strong> <a href=\"https:\/\/www.youtube.com\/watch?v=X-uUwEq9SKg\">Disputa entre Trump y Musk<\/a> (junio 5, 2025)<\/li>\n\n\n\n<li><strong>Todo Es Mentira: <\/strong>&#8211;<a href=\"https:\/\/www.cuatro.com\/television\/a-la-carta\/20250609\/todo-es-mentira-programa-video-completo_18_015813515.html\">Los \u00c1ngeles contra Trump<\/a> (junio 9, 2025)<\/li>\n\n\n\n<li><strong>Tele 5:<\/strong> <a href=\"https:\/\/www.mediasetinfinity.es\/programas-tv\/el-programa-de-ana-rosa\/2025\/episodios\/program\">El Programa de Ana Rosa &#8211; Bombardeo estadounidense de instalaciones nucleares en Ir\u00e1n<\/a> (junio 23, 2025)<\/li>\n\n\n\n<li><strong>El Pais:<\/strong> <a href=\"https:\/\/www.youtube.com\/watch?v=5EKDfSTLQXo\">Donald Trump: \u00bfpodr\u00e1 volver a ser presidente de Estados Unidos?<\/a> (marzo 31, 2025)<\/li>\n\n\n\n<li><strong>RTVE:<\/strong> &#8211; <a href=\"https:\/\/www.youtube.com\/watch?v=aLPjqeWsb7o\">Trump y una crisis constitucional en EE.UU.<\/a> (marzo 25, 2025)<\/li>\n\n\n\n<li><strong>Tele 5: <\/strong><a href=\"https:\/\/www.mediasetinfinity.es\/programas-tv\/el-programa-de-ana-rosa\/2025\/episodios\/programa-4707-40_014855779\/player\/\">Programa de Ana Rosa &#8211; Aumenta la tensi\u00f3n en el mundo tras reuni\u00f3n de Zelensky con Trump en la Casa Blanca<\/a> (marzo 3, 2025)<\/li>\n\n\n\n<li><strong>La Mirada Critica:<\/strong> <a href=\"https:\/\/www.mediasetinfinity.es\/programas-tv\/la-mirada-critica\/2025\/episodios\/programa-370-40_014829296\/player\/\">Hablando de comercio y de c\u00f3mo Trump tiene problemas con el comercio y la defensa europeos, pero tambi\u00e9n se trata de ideolog\u00eda.<\/a> (feb 27, 2025)<\/li>\n\n\n\n<li><strong>La Mirada Critica:<\/strong> <a href=\"https:\/\/www.mediasetinfinity.es\/programas-tv\/la-mirada-critica\/2025\/episodios\/programa-353-40_014614342\/player\/\">Los aranceles de Trump<\/a> (feb 4, 2025)<\/li>\n\n\n\n<li><strong>En Jake:<\/strong> <a href=\"https:\/\/www.youtube.com\/watch?v=oaKuOGsVgxc&amp;si=D1DUfxl2V2ZhZ1PV\">Guant\u00e1namo<\/a> (enero 30, 2025)<\/li>\n\n\n\n<li><strong>En Jake:<\/strong> <a href=\"https:\/\/x.com\/enjakeETB\/status\/1881654903912948132\">El regreso de Trump a la Casa Blanca<\/a>(enero 21, 2025)<\/li>\n\n\n\n<li><strong>Todo Es Mentira: <\/strong><a href=\"https:\/\/www.cuatro.com\/television\/a-la-carta\/20250120\/todo-es-mentira-programa-video-completo-20-01-2025_18_014538165.html\">El discurso inaugural de Trump<\/a> (enero 20, 2025)<\/li>\n\n\n\n<li><strong>Todo Es Mentira:<\/strong> <a href=\"https:\/\/www.cuatro.com\/television\/a-la-carta\/20250108\/todo-es-mentira-programa-video_18_014442137.html\">\u00bfTrump retomar\u00e1 el Canal de Panam\u00e1, comprar\u00e1 Groenlandia y convertir\u00e1 a Canad\u00e1 en el estado n\u00famero 51?<\/a>&nbsp;(enero 8, 2025)<\/li>\n<\/ul>\n<\/div>\n\n\n\n<div class=\"wp-block-column is-layout-flow wp-block-column-is-layout-flow\" style=\"flex-basis:5%\"><\/div>\n<\/div>\n","protected":false},"excerpt":{"rendered":"<p>Colaboraciones con los medios seleccionadosA\u00f1os: 2023-2024 Colaboraciones con los medios seleccionadosA\u00f1os: 2025 &#8230;<\/p>\n<p><a class=\"understrap-read-more-link\" href=\"https:\/\/alanamoceri.com\/es\/en-los-medios\/\">Read The Article <span class=\"screen-reader-text\"> from En los medios<\/span><\/a><\/p>\n","protected":false},"author":1,"featured_media":2948,"parent":0,"menu_order":0,"comment_status":"closed","ping_status":"closed","template":"media-template.php","meta":{"_acf_changed":false,"footnotes":""},"class_list":["post-2875","page","type-page","status-publish","has-post-thumbnail","hentry"],"acf":[],"yoast_head":"<!-- This site is optimized with the Yoast SEO plugin v27.3 - https:\/\/yoast.com\/product\/yoast-seo-wordpress\/ -->\n<title>En los medios - Alana Moceri, Relaciones Internacionales, Analista, Columnista<\/title>\n<meta name=\"description\" content=\"Enlaces de medios seleccionados de Alana Moceri. Profesora de Relaciones Internacionales, IE University | Analista destacada en World Politics Review | Columnista en El Espa\u00f1ol | Comentarista de TV y radio | Oradora\" \/>\n<meta name=\"robots\" content=\"index, follow, max-snippet:-1, max-image-preview:large, max-video-preview:-1\" \/>\n<link rel=\"canonical\" href=\"https:\/\/alanamoceri.com\/es\/en-los-medios\/\" \/>\n<meta property=\"og:locale\" content=\"es_ES\" \/>\n<meta property=\"og:type\" content=\"article\" \/>\n<meta property=\"og:title\" content=\"En los medios - Alana Moceri, Relaciones Internacionales, Analista, Columnista\" \/>\n<meta property=\"og:description\" content=\"Enlaces de medios seleccionados de Alana Moceri. Profesora de Relaciones Internacionales, IE University | Analista destacada en World Politics Review | Columnista en El Espa\u00f1ol | Comentarista de TV y radio | Oradora\" \/>\n<meta property=\"og:url\" content=\"https:\/\/alanamoceri.com\/es\/en-los-medios\/\" \/>\n<meta property=\"og:site_name\" content=\"Alana Moceri\" \/>\n<meta property=\"article:modified_time\" content=\"2026-03-25T08:11:03+00:00\" \/>\n<meta property=\"og:image\" content=\"https:\/\/alanamoceri.com\/wp-content\/uploads\/2023\/12\/1581085226016.jpeg\" \/>\n\t<meta property=\"og:image:width\" content=\"1417\" \/>\n\t<meta property=\"og:image:height\" content=\"994\" \/>\n\t<meta property=\"og:image:type\" content=\"image\/jpeg\" \/>\n<meta name=\"twitter:card\" content=\"summary_large_image\" \/>\n<meta name=\"twitter:label1\" content=\"Tiempo de lectura\" \/>\n\t<meta name=\"twitter:data1\" content=\"3 minutos\" \/>\n<script type=\"application\/ld+json\" class=\"yoast-schema-graph\">{\"@context\":\"https:\\\/\\\/schema.org\",\"@graph\":[{\"@type\":\"WebPage\",\"@id\":\"https:\\\/\\\/alanamoceri.com\\\/es\\\/en-los-medios\\\/\",\"url\":\"https:\\\/\\\/alanamoceri.com\\\/es\\\/en-los-medios\\\/\",\"name\":\"En los medios - Alana Moceri, Relaciones Internacionales, Analista, Columnista\",\"isPartOf\":{\"@id\":\"https:\\\/\\\/alanamoceri.com\\\/es\\\/#website\"},\"primaryImageOfPage\":{\"@id\":\"https:\\\/\\\/alanamoceri.com\\\/es\\\/en-los-medios\\\/#primaryimage\"},\"image\":{\"@id\":\"https:\\\/\\\/alanamoceri.com\\\/es\\\/en-los-medios\\\/#primaryimage\"},\"thumbnailUrl\":\"https:\\\/\\\/alanamoceri.com\\\/wp-content\\\/uploads\\\/2024\\\/08\\\/default-post-thumbnail.png\",\"datePublished\":\"2024-03-29T16:06:13+00:00\",\"dateModified\":\"2026-03-25T08:11:03+00:00\",\"description\":\"Enlaces de medios seleccionados de Alana Moceri. Profesora de Relaciones Internacionales, IE University | Analista destacada en World Politics Review | Columnista en El Espa\u00f1ol | Comentarista de TV y radio | Oradora\",\"breadcrumb\":{\"@id\":\"https:\\\/\\\/alanamoceri.com\\\/es\\\/en-los-medios\\\/#breadcrumb\"},\"inLanguage\":\"es\",\"potentialAction\":[{\"@type\":\"ReadAction\",\"target\":[\"https:\\\/\\\/alanamoceri.com\\\/es\\\/en-los-medios\\\/\"]}]},{\"@type\":\"ImageObject\",\"inLanguage\":\"es\",\"@id\":\"https:\\\/\\\/alanamoceri.com\\\/es\\\/en-los-medios\\\/#primaryimage\",\"url\":\"https:\\\/\\\/alanamoceri.com\\\/wp-content\\\/uploads\\\/2024\\\/08\\\/default-post-thumbnail.png\",\"contentUrl\":\"https:\\\/\\\/alanamoceri.com\\\/wp-content\\\/uploads\\\/2024\\\/08\\\/default-post-thumbnail.png\",\"width\":150,\"height\":150},{\"@type\":\"BreadcrumbList\",\"@id\":\"https:\\\/\\\/alanamoceri.com\\\/es\\\/en-los-medios\\\/#breadcrumb\",\"itemListElement\":[{\"@type\":\"ListItem\",\"position\":1,\"name\":\"Home\",\"item\":\"https:\\\/\\\/alanamoceri.com\\\/es\\\/\"},{\"@type\":\"ListItem\",\"position\":2,\"name\":\"En los medios\"}]},{\"@type\":\"WebSite\",\"@id\":\"https:\\\/\\\/alanamoceri.com\\\/es\\\/#website\",\"url\":\"https:\\\/\\\/alanamoceri.com\\\/es\\\/\",\"name\":\"Alana Moceri\",\"description\":\"International Relations Professor, IE University | Featured analyst at World Politics Review | Columnist at El Espa\u00f1ol | TV &amp; Radio Commentator | Speaker\",\"publisher\":{\"@id\":\"https:\\\/\\\/alanamoceri.com\\\/es\\\/#\\\/schema\\\/person\\\/ce512a8d269984a1ec417b4e7bad5e14\"},\"potentialAction\":[{\"@type\":\"SearchAction\",\"target\":{\"@type\":\"EntryPoint\",\"urlTemplate\":\"https:\\\/\\\/alanamoceri.com\\\/es\\\/?s={search_term_string}\"},\"query-input\":{\"@type\":\"PropertyValueSpecification\",\"valueRequired\":true,\"valueName\":\"search_term_string\"}}],\"inLanguage\":\"es\"},{\"@type\":[\"Person\",\"Organization\"],\"@id\":\"https:\\\/\\\/alanamoceri.com\\\/es\\\/#\\\/schema\\\/person\\\/ce512a8d269984a1ec417b4e7bad5e14\",\"name\":\"Alana Moceri\",\"image\":{\"@type\":\"ImageObject\",\"inLanguage\":\"es\",\"@id\":\"https:\\\/\\\/alanamoceri.com\\\/wp-content\\\/uploads\\\/2024\\\/06\\\/6a010535e26b33970b0240a49c1bfe200b.jpg\",\"url\":\"https:\\\/\\\/alanamoceri.com\\\/wp-content\\\/uploads\\\/2024\\\/06\\\/6a010535e26b33970b0240a49c1bfe200b.jpg\",\"contentUrl\":\"https:\\\/\\\/alanamoceri.com\\\/wp-content\\\/uploads\\\/2024\\\/06\\\/6a010535e26b33970b0240a49c1bfe200b.jpg\",\"width\":1389,\"height\":1389,\"caption\":\"Alana Moceri\"},\"logo\":{\"@id\":\"https:\\\/\\\/alanamoceri.com\\\/wp-content\\\/uploads\\\/2024\\\/06\\\/6a010535e26b33970b0240a49c1bfe200b.jpg\"},\"sameAs\":[\"http:\\\/\\\/alanamoceri.com\"]}]}<\/script>\n<!-- \/ Yoast SEO plugin. -->","yoast_head_json":{"title":"En los medios - Alana Moceri, Relaciones Internacionales, Analista, Columnista","description":"Enlaces de medios seleccionados de Alana Moceri. Profesora de Relaciones Internacionales, IE University | Analista destacada en World Politics Review | Columnista en El Espa\u00f1ol | Comentarista de TV y radio | Oradora","robots":{"index":"index","follow":"follow","max-snippet":"max-snippet:-1","max-image-preview":"max-image-preview:large","max-video-preview":"max-video-preview:-1"},"canonical":"https:\/\/alanamoceri.com\/es\/en-los-medios\/","og_locale":"es_ES","og_type":"article","og_title":"En los medios - Alana Moceri, Relaciones Internacionales, Analista, Columnista","og_description":"Enlaces de medios seleccionados de Alana Moceri. Profesora de Relaciones Internacionales, IE University | Analista destacada en World Politics Review | Columnista en El Espa\u00f1ol | Comentarista de TV y radio | Oradora","og_url":"https:\/\/alanamoceri.com\/es\/en-los-medios\/","og_site_name":"Alana Moceri","article_modified_time":"2026-03-25T08:11:03+00:00","og_image":[{"width":1417,"height":994,"url":"https:\/\/alanamoceri.com\/wp-content\/uploads\/2023\/12\/1581085226016.jpeg","type":"image\/jpeg"}],"twitter_card":"summary_large_image","twitter_misc":{"Tiempo de lectura":"3 minutos"},"schema":{"@context":"https:\/\/schema.org","@graph":[{"@type":"WebPage","@id":"https:\/\/alanamoceri.com\/es\/en-los-medios\/","url":"https:\/\/alanamoceri.com\/es\/en-los-medios\/","name":"En los medios - Alana Moceri, Relaciones Internacionales, Analista, Columnista","isPartOf":{"@id":"https:\/\/alanamoceri.com\/es\/#website"},"primaryImageOfPage":{"@id":"https:\/\/alanamoceri.com\/es\/en-los-medios\/#primaryimage"},"image":{"@id":"https:\/\/alanamoceri.com\/es\/en-los-medios\/#primaryimage"},"thumbnailUrl":"https:\/\/alanamoceri.com\/wp-content\/uploads\/2024\/08\/default-post-thumbnail.png","datePublished":"2024-03-29T16:06:13+00:00","dateModified":"2026-03-25T08:11:03+00:00","description":"Enlaces de medios seleccionados de Alana Moceri. Profesora de Relaciones Internacionales, IE University | Analista destacada en World Politics Review | Columnista en El Espa\u00f1ol | Comentarista de TV y radio | Oradora","breadcrumb":{"@id":"https:\/\/alanamoceri.com\/es\/en-los-medios\/#breadcrumb"},"inLanguage":"es","potentialAction":[{"@type":"ReadAction","target":["https:\/\/alanamoceri.com\/es\/en-los-medios\/"]}]},{"@type":"ImageObject","inLanguage":"es","@id":"https:\/\/alanamoceri.com\/es\/en-los-medios\/#primaryimage","url":"https:\/\/alanamoceri.com\/wp-content\/uploads\/2024\/08\/default-post-thumbnail.png","contentUrl":"https:\/\/alanamoceri.com\/wp-content\/uploads\/2024\/08\/default-post-thumbnail.png","width":150,"height":150},{"@type":"BreadcrumbList","@id":"https:\/\/alanamoceri.com\/es\/en-los-medios\/#breadcrumb","itemListElement":[{"@type":"ListItem","position":1,"name":"Home","item":"https:\/\/alanamoceri.com\/es\/"},{"@type":"ListItem","position":2,"name":"En los medios"}]},{"@type":"WebSite","@id":"https:\/\/alanamoceri.com\/es\/#website","url":"https:\/\/alanamoceri.com\/es\/","name":"Alana Moceri","description":"International Relations Professor, IE University | Featured analyst at World Politics Review | Columnist at El Espa\u00f1ol | TV &amp; Radio Commentator | Speaker","publisher":{"@id":"https:\/\/alanamoceri.com\/es\/#\/schema\/person\/ce512a8d269984a1ec417b4e7bad5e14"},"potentialAction":[{"@type":"SearchAction","target":{"@type":"EntryPoint","urlTemplate":"https:\/\/alanamoceri.com\/es\/?s={search_term_string}"},"query-input":{"@type":"PropertyValueSpecification","valueRequired":true,"valueName":"search_term_string"}}],"inLanguage":"es"},{"@type":["Person","Organization"],"@id":"https:\/\/alanamoceri.com\/es\/#\/schema\/person\/ce512a8d269984a1ec417b4e7bad5e14","name":"Alana Moceri","image":{"@type":"ImageObject","inLanguage":"es","@id":"https:\/\/alanamoceri.com\/wp-content\/uploads\/2024\/06\/6a010535e26b33970b0240a49c1bfe200b.jpg","url":"https:\/\/alanamoceri.com\/wp-content\/uploads\/2024\/06\/6a010535e26b33970b0240a49c1bfe200b.jpg","contentUrl":"https:\/\/alanamoceri.com\/wp-content\/uploads\/2024\/06\/6a010535e26b33970b0240a49c1bfe200b.jpg","width":1389,"height":1389,"caption":"Alana Moceri"},"logo":{"@id":"https:\/\/alanamoceri.com\/wp-content\/uploads\/2024\/06\/6a010535e26b33970b0240a49c1bfe200b.jpg"},"sameAs":["http:\/\/alanamoceri.com"]}]}},"_links":{"self":[{"href":"https:\/\/alanamoceri.com\/es\/wp-json\/wp\/v2\/pages\/2875","targetHints":{"allow":["GET"]}}],"collection":[{"href":"https:\/\/alanamoceri.com\/es\/wp-json\/wp\/v2\/pages"}],"about":[{"href":"https:\/\/alanamoceri.com\/es\/wp-json\/wp\/v2\/types\/page"}],"author":[{"embeddable":true,"href":"https:\/\/alanamoceri.com\/es\/wp-json\/wp\/v2\/users\/1"}],"replies":[{"embeddable":true,"href":"https:\/\/alanamoceri.com\/es\/wp-json\/wp\/v2\/comments?post=2875"}],"version-history":[{"count":25,"href":"https:\/\/alanamoceri.com\/es\/wp-json\/wp\/v2\/pages\/2875\/revisions"}],"predecessor-version":[{"id":3105,"href":"https:\/\/alanamoceri.com\/es\/wp-json\/wp\/v2\/pages\/2875\/revisions\/3105"}],"wp:featuredmedia":[{"embeddable":true,"href":"https:\/\/alanamoceri.com\/es\/wp-json\/wp\/v2\/media\/2948"}],"wp:attachment":[{"href":"https:\/\/alanamoceri.com\/es\/wp-json\/wp\/v2\/media?parent=2875"}],"curies":[{"name":"wp","href":"https:\/\/api.w.org\/{rel}","templated":true}]}}