{"id":2877,"date":"2024-03-29T17:10:47","date_gmt":"2024-03-29T16:10:47","guid":{"rendered":"https:\/\/alanamoceri.live-website.com\/speaking\/"},"modified":"2024-08-03T11:49:11","modified_gmt":"2024-08-03T09:49:11","slug":"ponencias","status":"publish","type":"page","link":"https:\/\/alanamoceri.com\/es\/ponencias\/","title":{"rendered":"Ponencias"},"content":{"rendered":"\n<p>Alana es una conferenciante muy solicitada que ofrece conferencias magistrales, seminarios, talleres y sesiones informativas para gobiernos, partidos pol\u00edticos, grupos c\u00edvicos, asociaciones profesionales, universidades y empresas. Es una experta maestra de ceremonias y moderadora.<\/p>\n\n\n\n<ul class=\"wp-block-list\">\n<li>Regiones: pol\u00edtica de Estados Unidos, Espa\u00f1a y la Uni\u00f3n Europea<\/li>\n\n\n\n<li>Temas: medios de comunicaci\u00f3n, comunicaci\u00f3n pol\u00edtica, desinformaci\u00f3n, campa\u00f1as y elecciones, opini\u00f3n p\u00fablica, pol\u00edtica exterior, geopol\u00edtica, diplomacia p\u00fablica y marca naci\u00f3n, activismo de base y transnacional.<\/li>\n<\/ul>\n\n\n\n<div style=\"height:25px\" aria-hidden=\"true\" class=\"wp-block-spacer\"><\/div>\n\n\n\n<div class=\"wp-block-columns is-layout-flex wp-container-core-columns-is-layout-9d6595d7 wp-block-columns-is-layout-flex\">\n<div class=\"wp-block-column is-layout-flow wp-block-column-is-layout-flow\" style=\"flex-basis:25%\"><\/div>\n\n\n\n<div class=\"wp-block-column is-layout-flow wp-block-column-is-layout-flow\" style=\"flex-basis:50%\">\n<figure class=\"wp-block-embed aligncenter is-type-video is-provider-youtube wp-block-embed-youtube wp-embed-aspect-16-9 wp-has-aspect-ratio\"><div class=\"wp-block-embed__wrapper\">\n<iframe loading=\"lazy\" title=\"Journalism for action : Alana Moceri at TEDxCibeles\" width=\"640\" height=\"360\" src=\"https:\/\/www.youtube.com\/embed\/BqJcyLfcjTc?feature=oembed\" frameborder=\"0\" allow=\"accelerometer; autoplay; clipboard-write; encrypted-media; gyroscope; picture-in-picture; web-share\" referrerpolicy=\"strict-origin-when-cross-origin\" allowfullscreen><\/iframe>\n<\/div><\/figure>\n<\/div>\n\n\n\n<div class=\"wp-block-column is-layout-flow wp-block-column-is-layout-flow\" style=\"flex-basis:25%\"><\/div>\n<\/div>\n","protected":false},"excerpt":{"rendered":"<p>Alana es una conferenciante muy solicitada que ofrece conferencias magistrales, seminarios, talleres y sesiones informativas para gobiernos, partidos pol\u00edticos, grupos c\u00edvicos, asociaciones profesionales, universidades y empresas. Es una experta maestra de ceremonias y moderadora. &#8230;<\/p>\n<p><a class=\"understrap-read-more-link\" href=\"https:\/\/alanamoceri.com\/es\/ponencias\/\">Read The Article <span class=\"screen-reader-text\"> from Ponencias<\/span><\/a><\/p>\n","protected":false},"author":1,"featured_media":2948,"parent":0,"menu_order":0,"comment_status":"closed","ping_status":"closed","template":"speaking-template.php","meta":{"_acf_changed":false,"footnotes":""},"class_list":["post-2877","page","type-page","status-publish","has-post-thumbnail","hentry"],"acf":[],"yoast_head":"<!-- This site is optimized with the Yoast SEO plugin v27.4 - https:\/\/yoast.com\/product\/yoast-seo-wordpress\/ -->\n<title>Ponencias | Alana Moceri, Profesora de Relaciones Int, Analista, Columnista<\/title>\n<meta name=\"description\" content=\"Alana Moceri es una conferenciante muy solicitada y experta en relaciones internacionales, especializada en pol\u00edtica estadounidense, espa\u00f1ola y europea. Ofrece conferencias magistrales, seminarios y talleres sobre medios de comunicaci\u00f3n, comunicaci\u00f3n pol\u00edtica, desinformaci\u00f3n, campa\u00f1as, opini\u00f3n p\u00fablica, pol\u00edtica exterior, geopol\u00edtica, diplomacia p\u00fablica y activismo. Experta en la materia, se relaciona con audiencias diversas de todo el mundo.\" \/>\n<meta name=\"robots\" content=\"index, follow, max-snippet:-1, max-image-preview:large, max-video-preview:-1\" \/>\n<link rel=\"canonical\" href=\"https:\/\/alanamoceri.com\/es\/ponencias\/\" \/>\n<meta property=\"og:locale\" content=\"es_ES\" \/>\n<meta property=\"og:type\" content=\"article\" \/>\n<meta property=\"og:title\" content=\"Ponencias | Alana Moceri, Profesora de Relaciones Int, Analista, Columnista\" \/>\n<meta property=\"og:description\" content=\"Alana Moceri es una conferenciante muy solicitada y experta en relaciones internacionales, especializada en pol\u00edtica estadounidense, espa\u00f1ola y europea. Ofrece conferencias magistrales, seminarios y talleres sobre medios de comunicaci\u00f3n, comunicaci\u00f3n pol\u00edtica, desinformaci\u00f3n, campa\u00f1as, opini\u00f3n p\u00fablica, pol\u00edtica exterior, geopol\u00edtica, diplomacia p\u00fablica y activismo. Experta en la materia, se relaciona con audiencias diversas de todo el mundo.\" \/>\n<meta property=\"og:url\" content=\"https:\/\/alanamoceri.com\/es\/ponencias\/\" \/>\n<meta property=\"og:site_name\" content=\"Alana Moceri\" \/>\n<meta property=\"article:modified_time\" content=\"2024-08-03T09:49:11+00:00\" \/>\n<meta property=\"og:image\" content=\"https:\/\/alanamoceri.com\/wp-content\/uploads\/2023\/12\/1581085226016.jpeg\" \/>\n\t<meta property=\"og:image:width\" content=\"1417\" \/>\n\t<meta property=\"og:image:height\" content=\"994\" \/>\n\t<meta property=\"og:image:type\" content=\"image\/jpeg\" \/>\n<meta name=\"twitter:card\" content=\"summary_large_image\" \/>\n<meta name=\"twitter:label1\" content=\"Tiempo de lectura\" \/>\n\t<meta name=\"twitter:data1\" content=\"1 minuto\" \/>\n<script type=\"application\/ld+json\" class=\"yoast-schema-graph\">{\"@context\":\"https:\\\/\\\/schema.org\",\"@graph\":[{\"@type\":\"WebPage\",\"@id\":\"https:\\\/\\\/alanamoceri.com\\\/es\\\/ponencias\\\/\",\"url\":\"https:\\\/\\\/alanamoceri.com\\\/es\\\/ponencias\\\/\",\"name\":\"Ponencias | Alana Moceri, Profesora de Relaciones Int, Analista, Columnista\",\"isPartOf\":{\"@id\":\"https:\\\/\\\/alanamoceri.com\\\/es\\\/#website\"},\"primaryImageOfPage\":{\"@id\":\"https:\\\/\\\/alanamoceri.com\\\/es\\\/ponencias\\\/#primaryimage\"},\"image\":{\"@id\":\"https:\\\/\\\/alanamoceri.com\\\/es\\\/ponencias\\\/#primaryimage\"},\"thumbnailUrl\":\"https:\\\/\\\/alanamoceri.com\\\/wp-content\\\/uploads\\\/2024\\\/08\\\/default-post-thumbnail.png\",\"datePublished\":\"2024-03-29T16:10:47+00:00\",\"dateModified\":\"2024-08-03T09:49:11+00:00\",\"description\":\"Alana Moceri es una conferenciante muy solicitada y experta en relaciones internacionales, especializada en pol\u00edtica estadounidense, espa\u00f1ola y europea. Ofrece conferencias magistrales, seminarios y talleres sobre medios de comunicaci\u00f3n, comunicaci\u00f3n pol\u00edtica, desinformaci\u00f3n, campa\u00f1as, opini\u00f3n p\u00fablica, pol\u00edtica exterior, geopol\u00edtica, diplomacia p\u00fablica y activismo. Experta en la materia, se relaciona con audiencias diversas de todo el mundo.\",\"breadcrumb\":{\"@id\":\"https:\\\/\\\/alanamoceri.com\\\/es\\\/ponencias\\\/#breadcrumb\"},\"inLanguage\":\"es\",\"potentialAction\":[{\"@type\":\"ReadAction\",\"target\":[\"https:\\\/\\\/alanamoceri.com\\\/es\\\/ponencias\\\/\"]}]},{\"@type\":\"ImageObject\",\"inLanguage\":\"es\",\"@id\":\"https:\\\/\\\/alanamoceri.com\\\/es\\\/ponencias\\\/#primaryimage\",\"url\":\"https:\\\/\\\/alanamoceri.com\\\/wp-content\\\/uploads\\\/2024\\\/08\\\/default-post-thumbnail.png\",\"contentUrl\":\"https:\\\/\\\/alanamoceri.com\\\/wp-content\\\/uploads\\\/2024\\\/08\\\/default-post-thumbnail.png\",\"width\":150,\"height\":150},{\"@type\":\"BreadcrumbList\",\"@id\":\"https:\\\/\\\/alanamoceri.com\\\/es\\\/ponencias\\\/#breadcrumb\",\"itemListElement\":[{\"@type\":\"ListItem\",\"position\":1,\"name\":\"Home\",\"item\":\"https:\\\/\\\/alanamoceri.com\\\/es\\\/\"},{\"@type\":\"ListItem\",\"position\":2,\"name\":\"Ponencias\"}]},{\"@type\":\"WebSite\",\"@id\":\"https:\\\/\\\/alanamoceri.com\\\/es\\\/#website\",\"url\":\"https:\\\/\\\/alanamoceri.com\\\/es\\\/\",\"name\":\"Alana Moceri\",\"description\":\"International Relations Professor, IE University | Featured analyst at World Politics Review | Columnist at El Espa\u00f1ol | TV &amp; Radio Commentator | Speaker\",\"publisher\":{\"@id\":\"https:\\\/\\\/alanamoceri.com\\\/es\\\/#\\\/schema\\\/person\\\/ce512a8d269984a1ec417b4e7bad5e14\"},\"potentialAction\":[{\"@type\":\"SearchAction\",\"target\":{\"@type\":\"EntryPoint\",\"urlTemplate\":\"https:\\\/\\\/alanamoceri.com\\\/es\\\/?s={search_term_string}\"},\"query-input\":{\"@type\":\"PropertyValueSpecification\",\"valueRequired\":true,\"valueName\":\"search_term_string\"}}],\"inLanguage\":\"es\"},{\"@type\":[\"Person\",\"Organization\"],\"@id\":\"https:\\\/\\\/alanamoceri.com\\\/es\\\/#\\\/schema\\\/person\\\/ce512a8d269984a1ec417b4e7bad5e14\",\"name\":\"Alana Moceri\",\"image\":{\"@type\":\"ImageObject\",\"inLanguage\":\"es\",\"@id\":\"https:\\\/\\\/alanamoceri.com\\\/wp-content\\\/uploads\\\/2024\\\/06\\\/6a010535e26b33970b0240a49c1bfe200b.jpg\",\"url\":\"https:\\\/\\\/alanamoceri.com\\\/wp-content\\\/uploads\\\/2024\\\/06\\\/6a010535e26b33970b0240a49c1bfe200b.jpg\",\"contentUrl\":\"https:\\\/\\\/alanamoceri.com\\\/wp-content\\\/uploads\\\/2024\\\/06\\\/6a010535e26b33970b0240a49c1bfe200b.jpg\",\"width\":1389,\"height\":1389,\"caption\":\"Alana Moceri\"},\"logo\":{\"@id\":\"https:\\\/\\\/alanamoceri.com\\\/wp-content\\\/uploads\\\/2024\\\/06\\\/6a010535e26b33970b0240a49c1bfe200b.jpg\"},\"sameAs\":[\"http:\\\/\\\/alanamoceri.com\"]}]}<\/script>\n<!-- \/ Yoast SEO plugin. -->","yoast_head_json":{"title":"Ponencias | Alana Moceri, Profesora de Relaciones Int, Analista, Columnista","description":"Alana Moceri es una conferenciante muy solicitada y experta en relaciones internacionales, especializada en pol\u00edtica estadounidense, espa\u00f1ola y europea. Ofrece conferencias magistrales, seminarios y talleres sobre medios de comunicaci\u00f3n, comunicaci\u00f3n pol\u00edtica, desinformaci\u00f3n, campa\u00f1as, opini\u00f3n p\u00fablica, pol\u00edtica exterior, geopol\u00edtica, diplomacia p\u00fablica y activismo. Experta en la materia, se relaciona con audiencias diversas de todo el mundo.","robots":{"index":"index","follow":"follow","max-snippet":"max-snippet:-1","max-image-preview":"max-image-preview:large","max-video-preview":"max-video-preview:-1"},"canonical":"https:\/\/alanamoceri.com\/es\/ponencias\/","og_locale":"es_ES","og_type":"article","og_title":"Ponencias | Alana Moceri, Profesora de Relaciones Int, Analista, Columnista","og_description":"Alana Moceri es una conferenciante muy solicitada y experta en relaciones internacionales, especializada en pol\u00edtica estadounidense, espa\u00f1ola y europea. Ofrece conferencias magistrales, seminarios y talleres sobre medios de comunicaci\u00f3n, comunicaci\u00f3n pol\u00edtica, desinformaci\u00f3n, campa\u00f1as, opini\u00f3n p\u00fablica, pol\u00edtica exterior, geopol\u00edtica, diplomacia p\u00fablica y activismo. Experta en la materia, se relaciona con audiencias diversas de todo el mundo.","og_url":"https:\/\/alanamoceri.com\/es\/ponencias\/","og_site_name":"Alana Moceri","article_modified_time":"2024-08-03T09:49:11+00:00","og_image":[{"width":1417,"height":994,"url":"https:\/\/alanamoceri.com\/wp-content\/uploads\/2023\/12\/1581085226016.jpeg","type":"image\/jpeg"}],"twitter_card":"summary_large_image","twitter_misc":{"Tiempo de lectura":"1 minuto"},"schema":{"@context":"https:\/\/schema.org","@graph":[{"@type":"WebPage","@id":"https:\/\/alanamoceri.com\/es\/ponencias\/","url":"https:\/\/alanamoceri.com\/es\/ponencias\/","name":"Ponencias | Alana Moceri, Profesora de Relaciones Int, Analista, Columnista","isPartOf":{"@id":"https:\/\/alanamoceri.com\/es\/#website"},"primaryImageOfPage":{"@id":"https:\/\/alanamoceri.com\/es\/ponencias\/#primaryimage"},"image":{"@id":"https:\/\/alanamoceri.com\/es\/ponencias\/#primaryimage"},"thumbnailUrl":"https:\/\/alanamoceri.com\/wp-content\/uploads\/2024\/08\/default-post-thumbnail.png","datePublished":"2024-03-29T16:10:47+00:00","dateModified":"2024-08-03T09:49:11+00:00","description":"Alana Moceri es una conferenciante muy solicitada y experta en relaciones internacionales, especializada en pol\u00edtica estadounidense, espa\u00f1ola y europea. Ofrece conferencias magistrales, seminarios y talleres sobre medios de comunicaci\u00f3n, comunicaci\u00f3n pol\u00edtica, desinformaci\u00f3n, campa\u00f1as, opini\u00f3n p\u00fablica, pol\u00edtica exterior, geopol\u00edtica, diplomacia p\u00fablica y activismo. Experta en la materia, se relaciona con audiencias diversas de todo el mundo.","breadcrumb":{"@id":"https:\/\/alanamoceri.com\/es\/ponencias\/#breadcrumb"},"inLanguage":"es","potentialAction":[{"@type":"ReadAction","target":["https:\/\/alanamoceri.com\/es\/ponencias\/"]}]},{"@type":"ImageObject","inLanguage":"es","@id":"https:\/\/alanamoceri.com\/es\/ponencias\/#primaryimage","url":"https:\/\/alanamoceri.com\/wp-content\/uploads\/2024\/08\/default-post-thumbnail.png","contentUrl":"https:\/\/alanamoceri.com\/wp-content\/uploads\/2024\/08\/default-post-thumbnail.png","width":150,"height":150},{"@type":"BreadcrumbList","@id":"https:\/\/alanamoceri.com\/es\/ponencias\/#breadcrumb","itemListElement":[{"@type":"ListItem","position":1,"name":"Home","item":"https:\/\/alanamoceri.com\/es\/"},{"@type":"ListItem","position":2,"name":"Ponencias"}]},{"@type":"WebSite","@id":"https:\/\/alanamoceri.com\/es\/#website","url":"https:\/\/alanamoceri.com\/es\/","name":"Alana Moceri","description":"International Relations Professor, IE University | Featured analyst at World Politics Review | Columnist at El Espa\u00f1ol | TV &amp; Radio Commentator | Speaker","publisher":{"@id":"https:\/\/alanamoceri.com\/es\/#\/schema\/person\/ce512a8d269984a1ec417b4e7bad5e14"},"potentialAction":[{"@type":"SearchAction","target":{"@type":"EntryPoint","urlTemplate":"https:\/\/alanamoceri.com\/es\/?s={search_term_string}"},"query-input":{"@type":"PropertyValueSpecification","valueRequired":true,"valueName":"search_term_string"}}],"inLanguage":"es"},{"@type":["Person","Organization"],"@id":"https:\/\/alanamoceri.com\/es\/#\/schema\/person\/ce512a8d269984a1ec417b4e7bad5e14","name":"Alana Moceri","image":{"@type":"ImageObject","inLanguage":"es","@id":"https:\/\/alanamoceri.com\/wp-content\/uploads\/2024\/06\/6a010535e26b33970b0240a49c1bfe200b.jpg","url":"https:\/\/alanamoceri.com\/wp-content\/uploads\/2024\/06\/6a010535e26b33970b0240a49c1bfe200b.jpg","contentUrl":"https:\/\/alanamoceri.com\/wp-content\/uploads\/2024\/06\/6a010535e26b33970b0240a49c1bfe200b.jpg","width":1389,"height":1389,"caption":"Alana Moceri"},"logo":{"@id":"https:\/\/alanamoceri.com\/wp-content\/uploads\/2024\/06\/6a010535e26b33970b0240a49c1bfe200b.jpg"},"sameAs":["http:\/\/alanamoceri.com"]}]}},"_links":{"self":[{"href":"https:\/\/alanamoceri.com\/es\/wp-json\/wp\/v2\/pages\/2877","targetHints":{"allow":["GET"]}}],"collection":[{"href":"https:\/\/alanamoceri.com\/es\/wp-json\/wp\/v2\/pages"}],"about":[{"href":"https:\/\/alanamoceri.com\/es\/wp-json\/wp\/v2\/types\/page"}],"author":[{"embeddable":true,"href":"https:\/\/alanamoceri.com\/es\/wp-json\/wp\/v2\/users\/1"}],"replies":[{"embeddable":true,"href":"https:\/\/alanamoceri.com\/es\/wp-json\/wp\/v2\/comments?post=2877"}],"version-history":[{"count":6,"href":"https:\/\/alanamoceri.com\/es\/wp-json\/wp\/v2\/pages\/2877\/revisions"}],"predecessor-version":[{"id":2982,"href":"https:\/\/alanamoceri.com\/es\/wp-json\/wp\/v2\/pages\/2877\/revisions\/2982"}],"wp:featuredmedia":[{"embeddable":true,"href":"https:\/\/alanamoceri.com\/es\/wp-json\/wp\/v2\/media\/2948"}],"wp:attachment":[{"href":"https:\/\/alanamoceri.com\/es\/wp-json\/wp\/v2\/media?parent=2877"}],"curies":[{"name":"wp","href":"https:\/\/api.w.org\/{rel}","templated":true}]}}