{"id":2879,"date":"2024-04-01T10:16:54","date_gmt":"2024-04-01T08:16:54","guid":{"rendered":"https:\/\/alanamoceri.live-website.com\/about\/"},"modified":"2024-08-03T11:44:57","modified_gmt":"2024-08-03T09:44:57","slug":"sobre","status":"publish","type":"page","link":"https:\/\/alanamoceri.com\/es\/sobre\/","title":{"rendered":"Sobre"},"content":{"rendered":"\n<p><\/p>\n\n<div class=\"wp-block-columns is-layout-flex wp-container-core-columns-is-layout-9d6595d7 wp-block-columns-is-layout-flex\">\n<div class=\"wp-block-column is-layout-flow wp-block-column-is-layout-flow\">\n<p>Alana Moceri es profesora de relaciones internacionales en IE School of Politics, Economics and Global Affairs, analista destacada de World Politics Review, columnista de El Espa\u00f1ol, y comentarista de radio y televisi\u00f3n. Ense\u00f1a y escribe sobre diplomacia p\u00fablica, gobernanza global, campa\u00f1as electorales, opini\u00f3n p\u00fablica y activismo \u201cgrassroots\u201d y transnacional, centr\u00e1ndose en Estados Unidos, la UE y Espa\u00f1a.<\/p>\n\n\n\n<p>Su trabajo ha aparecido en el bolet\u00edn Global Briefing de Fareed Zakaria y tambi\u00e9n es colaboradora habitual de publicaciones espa\u00f1olas como El Pa\u00eds, El Espa\u00f1ol y EsGlobal. Alana ha aparecido como analista en programas de radio y televisi\u00f3n de todo el mundo, incluidos BBC, Sky News, Deutsche Welle TV, Televisi\u00f3n Espa\u00f1ola, La Sexta y VIVOplay. En 2013, pronunci\u00f3 una charla TEDx titulada \u00abPeriodismo para la acci\u00f3n\u00bb, es miembro de la Red de Expertos del Foro Econ\u00f3mico Mundial y fue reconocida por la serie \u00abExcelencia en acci\u00f3n\u00bb de la Asociaci\u00f3n de Antiguos Alumnos de UCLA.<\/p>\n\n\n\n<p>Originaria de California, Alana vive y trabaja en Madrid, Espa\u00f1a y ha dado charlas y conferencias invitadas en Espa\u00f1a, Estados Unidos, Portugal, Reino Unido y Alemania. Tiene una licenciatura en Ciencias Pol\u00edticas de la UCLA y un m\u00e1ster en Pol\u00edtica y Democracia de la UNED, donde recibi\u00f3 el primer premio fin de m\u00e1ster. Es conocida en Espa\u00f1a por fundar y liderar Dem\u00f3cratas en el Extranjero en Espa\u00f1a entre 2004 y 2009, incluida la innovadora carrera presidencial de Barack Obama en 2008.<\/p>\n<\/div>\n<\/div>\n","protected":false},"excerpt":{"rendered":"<p>Alana Moceri es profesora de relaciones internacionales en IE School of Politics, Economics and Global Affairs, analista destacada de World Politics Review, columnista de El Espa\u00f1ol, y comentarista de radio y televisi\u00f3n. Ense\u00f1a y escribe sobre diplomacia p\u00fablica, gobernanza global, campa\u00f1as electorales, opini\u00f3n p\u00fablica y activismo \u201cgrassroots\u201d y transnacional, centr\u00e1ndose en Estados Unidos, la UE &#8230;<\/p>\n<p><a class=\"understrap-read-more-link\" href=\"https:\/\/alanamoceri.com\/es\/sobre\/\">Read The Article <span class=\"screen-reader-text\"> from Sobre<\/span><\/a><\/p>\n","protected":false},"author":1,"featured_media":1690,"parent":0,"menu_order":0,"comment_status":"closed","ping_status":"closed","template":"about-template.php","meta":{"_acf_changed":false,"footnotes":""},"class_list":["post-2879","page","type-page","status-publish","has-post-thumbnail","hentry"],"acf":[],"yoast_head":"<!-- This site is optimized with the Yoast SEO plugin v27.3 - https:\/\/yoast.com\/product\/yoast-seo-wordpress\/ -->\n<title>Alana Moceri - Profesora de Relaciones Internacionales, Analista, Columnista<\/title>\n<meta name=\"description\" content=\"Alana Moceri es profesora de relaciones internacionales en IE School of Politics, Economics and Global Affairs, analista destacada de World Politics Review, columnista de El Espa\u00f1ol, y comentarista de radio y televisi\u00f3n. Ense\u00f1a y escribe sobre diplomacia p\u00fablica, gobernanza global, campa\u00f1as electorales, opini\u00f3n p\u00fablica y activismo \u201cgrassroots\u201d y transnacional, centr\u00e1ndose en Estados Unidos, la UE y Espa\u00f1a.\" \/>\n<meta name=\"robots\" content=\"index, follow, max-snippet:-1, max-image-preview:large, max-video-preview:-1\" \/>\n<link rel=\"canonical\" href=\"https:\/\/alanamoceri.com\/es\/sobre\/\" \/>\n<meta property=\"og:locale\" content=\"es_ES\" \/>\n<meta property=\"og:type\" content=\"article\" \/>\n<meta property=\"og:title\" content=\"Alana Moceri - Profesora de Relaciones Internacionales, Analista, Columnista\" \/>\n<meta property=\"og:description\" content=\"Alana Moceri es profesora de relaciones internacionales en IE School of Politics, Economics and Global Affairs, analista destacada de World Politics Review, columnista de El Espa\u00f1ol, y comentarista de radio y televisi\u00f3n. Ense\u00f1a y escribe sobre diplomacia p\u00fablica, gobernanza global, campa\u00f1as electorales, opini\u00f3n p\u00fablica y activismo \u201cgrassroots\u201d y transnacional, centr\u00e1ndose en Estados Unidos, la UE y Espa\u00f1a.\" \/>\n<meta property=\"og:url\" content=\"https:\/\/alanamoceri.com\/es\/sobre\/\" \/>\n<meta property=\"og:site_name\" content=\"Alana Moceri\" \/>\n<meta property=\"article:modified_time\" content=\"2024-08-03T09:44:57+00:00\" \/>\n<meta property=\"og:image\" content=\"https:\/\/alanamoceri.com\/wp-content\/uploads\/2023\/12\/1581085226016.jpeg\" \/>\n\t<meta property=\"og:image:width\" content=\"1417\" \/>\n\t<meta property=\"og:image:height\" content=\"994\" \/>\n\t<meta property=\"og:image:type\" content=\"image\/jpeg\" \/>\n<meta name=\"twitter:card\" content=\"summary_large_image\" \/>\n<meta name=\"twitter:label1\" content=\"Tiempo de lectura\" \/>\n\t<meta name=\"twitter:data1\" content=\"2 minutos\" \/>\n<script type=\"application\/ld+json\" class=\"yoast-schema-graph\">{\"@context\":\"https:\\\/\\\/schema.org\",\"@graph\":[{\"@type\":\"WebPage\",\"@id\":\"https:\\\/\\\/alanamoceri.com\\\/es\\\/sobre\\\/\",\"url\":\"https:\\\/\\\/alanamoceri.com\\\/es\\\/sobre\\\/\",\"name\":\"Alana Moceri - Profesora de Relaciones Internacionales, Analista, Columnista\",\"isPartOf\":{\"@id\":\"https:\\\/\\\/alanamoceri.com\\\/es\\\/#website\"},\"primaryImageOfPage\":{\"@id\":\"https:\\\/\\\/alanamoceri.com\\\/es\\\/sobre\\\/#primaryimage\"},\"image\":{\"@id\":\"https:\\\/\\\/alanamoceri.com\\\/es\\\/sobre\\\/#primaryimage\"},\"thumbnailUrl\":\"https:\\\/\\\/alanamoceri.com\\\/wp-content\\\/uploads\\\/2024\\\/06\\\/6a010535e26b33970b0240a49c1bfe200b.jpg\",\"datePublished\":\"2024-04-01T08:16:54+00:00\",\"dateModified\":\"2024-08-03T09:44:57+00:00\",\"description\":\"Alana Moceri es profesora de relaciones internacionales en IE School of Politics, Economics and Global Affairs, analista destacada de World Politics Review, columnista de El Espa\u00f1ol, y comentarista de radio y televisi\u00f3n. Ense\u00f1a y escribe sobre diplomacia p\u00fablica, gobernanza global, campa\u00f1as electorales, opini\u00f3n p\u00fablica y activismo \u201cgrassroots\u201d y transnacional, centr\u00e1ndose en Estados Unidos, la UE y Espa\u00f1a.\",\"breadcrumb\":{\"@id\":\"https:\\\/\\\/alanamoceri.com\\\/es\\\/sobre\\\/#breadcrumb\"},\"inLanguage\":\"es\",\"potentialAction\":[{\"@type\":\"ReadAction\",\"target\":[\"https:\\\/\\\/alanamoceri.com\\\/es\\\/sobre\\\/\"]}]},{\"@type\":\"ImageObject\",\"inLanguage\":\"es\",\"@id\":\"https:\\\/\\\/alanamoceri.com\\\/es\\\/sobre\\\/#primaryimage\",\"url\":\"https:\\\/\\\/alanamoceri.com\\\/wp-content\\\/uploads\\\/2024\\\/06\\\/6a010535e26b33970b0240a49c1bfe200b.jpg\",\"contentUrl\":\"https:\\\/\\\/alanamoceri.com\\\/wp-content\\\/uploads\\\/2024\\\/06\\\/6a010535e26b33970b0240a49c1bfe200b.jpg\",\"width\":1389,\"height\":1389},{\"@type\":\"BreadcrumbList\",\"@id\":\"https:\\\/\\\/alanamoceri.com\\\/es\\\/sobre\\\/#breadcrumb\",\"itemListElement\":[{\"@type\":\"ListItem\",\"position\":1,\"name\":\"Home\",\"item\":\"https:\\\/\\\/alanamoceri.com\\\/es\\\/\"},{\"@type\":\"ListItem\",\"position\":2,\"name\":\"Sobre\"}]},{\"@type\":\"WebSite\",\"@id\":\"https:\\\/\\\/alanamoceri.com\\\/es\\\/#website\",\"url\":\"https:\\\/\\\/alanamoceri.com\\\/es\\\/\",\"name\":\"Alana Moceri\",\"description\":\"International Relations Professor, IE University | Featured analyst at World Politics Review | Columnist at El Espa\u00f1ol | TV &amp; Radio Commentator | Speaker\",\"publisher\":{\"@id\":\"https:\\\/\\\/alanamoceri.com\\\/es\\\/#\\\/schema\\\/person\\\/ce512a8d269984a1ec417b4e7bad5e14\"},\"potentialAction\":[{\"@type\":\"SearchAction\",\"target\":{\"@type\":\"EntryPoint\",\"urlTemplate\":\"https:\\\/\\\/alanamoceri.com\\\/es\\\/?s={search_term_string}\"},\"query-input\":{\"@type\":\"PropertyValueSpecification\",\"valueRequired\":true,\"valueName\":\"search_term_string\"}}],\"inLanguage\":\"es\"},{\"@type\":[\"Person\",\"Organization\"],\"@id\":\"https:\\\/\\\/alanamoceri.com\\\/es\\\/#\\\/schema\\\/person\\\/ce512a8d269984a1ec417b4e7bad5e14\",\"name\":\"Alana Moceri\",\"image\":{\"@type\":\"ImageObject\",\"inLanguage\":\"es\",\"@id\":\"https:\\\/\\\/alanamoceri.com\\\/wp-content\\\/uploads\\\/2024\\\/06\\\/6a010535e26b33970b0240a49c1bfe200b.jpg\",\"url\":\"https:\\\/\\\/alanamoceri.com\\\/wp-content\\\/uploads\\\/2024\\\/06\\\/6a010535e26b33970b0240a49c1bfe200b.jpg\",\"contentUrl\":\"https:\\\/\\\/alanamoceri.com\\\/wp-content\\\/uploads\\\/2024\\\/06\\\/6a010535e26b33970b0240a49c1bfe200b.jpg\",\"width\":1389,\"height\":1389,\"caption\":\"Alana Moceri\"},\"logo\":{\"@id\":\"https:\\\/\\\/alanamoceri.com\\\/wp-content\\\/uploads\\\/2024\\\/06\\\/6a010535e26b33970b0240a49c1bfe200b.jpg\"},\"sameAs\":[\"http:\\\/\\\/alanamoceri.com\"]}]}<\/script>\n<!-- \/ Yoast SEO plugin. -->","yoast_head_json":{"title":"Alana Moceri - Profesora de Relaciones Internacionales, Analista, Columnista","description":"Alana Moceri es profesora de relaciones internacionales en IE School of Politics, Economics and Global Affairs, analista destacada de World Politics Review, columnista de El Espa\u00f1ol, y comentarista de radio y televisi\u00f3n. Ense\u00f1a y escribe sobre diplomacia p\u00fablica, gobernanza global, campa\u00f1as electorales, opini\u00f3n p\u00fablica y activismo \u201cgrassroots\u201d y transnacional, centr\u00e1ndose en Estados Unidos, la UE y Espa\u00f1a.","robots":{"index":"index","follow":"follow","max-snippet":"max-snippet:-1","max-image-preview":"max-image-preview:large","max-video-preview":"max-video-preview:-1"},"canonical":"https:\/\/alanamoceri.com\/es\/sobre\/","og_locale":"es_ES","og_type":"article","og_title":"Alana Moceri - Profesora de Relaciones Internacionales, Analista, Columnista","og_description":"Alana Moceri es profesora de relaciones internacionales en IE School of Politics, Economics and Global Affairs, analista destacada de World Politics Review, columnista de El Espa\u00f1ol, y comentarista de radio y televisi\u00f3n. Ense\u00f1a y escribe sobre diplomacia p\u00fablica, gobernanza global, campa\u00f1as electorales, opini\u00f3n p\u00fablica y activismo \u201cgrassroots\u201d y transnacional, centr\u00e1ndose en Estados Unidos, la UE y Espa\u00f1a.","og_url":"https:\/\/alanamoceri.com\/es\/sobre\/","og_site_name":"Alana Moceri","article_modified_time":"2024-08-03T09:44:57+00:00","og_image":[{"width":1417,"height":994,"url":"https:\/\/alanamoceri.com\/wp-content\/uploads\/2023\/12\/1581085226016.jpeg","type":"image\/jpeg"}],"twitter_card":"summary_large_image","twitter_misc":{"Tiempo de lectura":"2 minutos"},"schema":{"@context":"https:\/\/schema.org","@graph":[{"@type":"WebPage","@id":"https:\/\/alanamoceri.com\/es\/sobre\/","url":"https:\/\/alanamoceri.com\/es\/sobre\/","name":"Alana Moceri - Profesora de Relaciones Internacionales, Analista, Columnista","isPartOf":{"@id":"https:\/\/alanamoceri.com\/es\/#website"},"primaryImageOfPage":{"@id":"https:\/\/alanamoceri.com\/es\/sobre\/#primaryimage"},"image":{"@id":"https:\/\/alanamoceri.com\/es\/sobre\/#primaryimage"},"thumbnailUrl":"https:\/\/alanamoceri.com\/wp-content\/uploads\/2024\/06\/6a010535e26b33970b0240a49c1bfe200b.jpg","datePublished":"2024-04-01T08:16:54+00:00","dateModified":"2024-08-03T09:44:57+00:00","description":"Alana Moceri es profesora de relaciones internacionales en IE School of Politics, Economics and Global Affairs, analista destacada de World Politics Review, columnista de El Espa\u00f1ol, y comentarista de radio y televisi\u00f3n. Ense\u00f1a y escribe sobre diplomacia p\u00fablica, gobernanza global, campa\u00f1as electorales, opini\u00f3n p\u00fablica y activismo \u201cgrassroots\u201d y transnacional, centr\u00e1ndose en Estados Unidos, la UE y Espa\u00f1a.","breadcrumb":{"@id":"https:\/\/alanamoceri.com\/es\/sobre\/#breadcrumb"},"inLanguage":"es","potentialAction":[{"@type":"ReadAction","target":["https:\/\/alanamoceri.com\/es\/sobre\/"]}]},{"@type":"ImageObject","inLanguage":"es","@id":"https:\/\/alanamoceri.com\/es\/sobre\/#primaryimage","url":"https:\/\/alanamoceri.com\/wp-content\/uploads\/2024\/06\/6a010535e26b33970b0240a49c1bfe200b.jpg","contentUrl":"https:\/\/alanamoceri.com\/wp-content\/uploads\/2024\/06\/6a010535e26b33970b0240a49c1bfe200b.jpg","width":1389,"height":1389},{"@type":"BreadcrumbList","@id":"https:\/\/alanamoceri.com\/es\/sobre\/#breadcrumb","itemListElement":[{"@type":"ListItem","position":1,"name":"Home","item":"https:\/\/alanamoceri.com\/es\/"},{"@type":"ListItem","position":2,"name":"Sobre"}]},{"@type":"WebSite","@id":"https:\/\/alanamoceri.com\/es\/#website","url":"https:\/\/alanamoceri.com\/es\/","name":"Alana Moceri","description":"International Relations Professor, IE University | Featured analyst at World Politics Review | Columnist at El Espa\u00f1ol | TV &amp; Radio Commentator | Speaker","publisher":{"@id":"https:\/\/alanamoceri.com\/es\/#\/schema\/person\/ce512a8d269984a1ec417b4e7bad5e14"},"potentialAction":[{"@type":"SearchAction","target":{"@type":"EntryPoint","urlTemplate":"https:\/\/alanamoceri.com\/es\/?s={search_term_string}"},"query-input":{"@type":"PropertyValueSpecification","valueRequired":true,"valueName":"search_term_string"}}],"inLanguage":"es"},{"@type":["Person","Organization"],"@id":"https:\/\/alanamoceri.com\/es\/#\/schema\/person\/ce512a8d269984a1ec417b4e7bad5e14","name":"Alana Moceri","image":{"@type":"ImageObject","inLanguage":"es","@id":"https:\/\/alanamoceri.com\/wp-content\/uploads\/2024\/06\/6a010535e26b33970b0240a49c1bfe200b.jpg","url":"https:\/\/alanamoceri.com\/wp-content\/uploads\/2024\/06\/6a010535e26b33970b0240a49c1bfe200b.jpg","contentUrl":"https:\/\/alanamoceri.com\/wp-content\/uploads\/2024\/06\/6a010535e26b33970b0240a49c1bfe200b.jpg","width":1389,"height":1389,"caption":"Alana Moceri"},"logo":{"@id":"https:\/\/alanamoceri.com\/wp-content\/uploads\/2024\/06\/6a010535e26b33970b0240a49c1bfe200b.jpg"},"sameAs":["http:\/\/alanamoceri.com"]}]}},"_links":{"self":[{"href":"https:\/\/alanamoceri.com\/es\/wp-json\/wp\/v2\/pages\/2879","targetHints":{"allow":["GET"]}}],"collection":[{"href":"https:\/\/alanamoceri.com\/es\/wp-json\/wp\/v2\/pages"}],"about":[{"href":"https:\/\/alanamoceri.com\/es\/wp-json\/wp\/v2\/types\/page"}],"author":[{"embeddable":true,"href":"https:\/\/alanamoceri.com\/es\/wp-json\/wp\/v2\/users\/1"}],"replies":[{"embeddable":true,"href":"https:\/\/alanamoceri.com\/es\/wp-json\/wp\/v2\/comments?post=2879"}],"version-history":[{"count":3,"href":"https:\/\/alanamoceri.com\/es\/wp-json\/wp\/v2\/pages\/2879\/revisions"}],"predecessor-version":[{"id":2964,"href":"https:\/\/alanamoceri.com\/es\/wp-json\/wp\/v2\/pages\/2879\/revisions\/2964"}],"wp:featuredmedia":[{"embeddable":true,"href":"https:\/\/alanamoceri.com\/es\/wp-json\/wp\/v2\/media\/1690"}],"wp:attachment":[{"href":"https:\/\/alanamoceri.com\/es\/wp-json\/wp\/v2\/media?parent=2879"}],"curies":[{"name":"wp","href":"https:\/\/api.w.org\/{rel}","templated":true}]}}