{"id":2884,"date":"2024-03-29T12:50:16","date_gmt":"2024-03-29T11:50:16","guid":{"rendered":"https:\/\/alanamoceri.live-website.com\/contact\/"},"modified":"2024-08-03T11:52:33","modified_gmt":"2024-08-03T09:52:33","slug":"contacto","status":"publish","type":"page","link":"https:\/\/alanamoceri.com\/es\/contacto\/","title":{"rendered":"Contacto"},"content":{"rendered":"\n<div style=\"height:100px\" aria-hidden=\"true\" class=\"wp-block-spacer title-holder-desktop\"><\/div>\n\n\n<p>Alana pasa gran parte de su tiempo en el aula, por lo que la mejor manera de comunicarse con ella es por correo electr\u00f3nico o WhatsApp en lugar de llamadas telef\u00f3nicas.<\/p>\n<p>alana@alanamoceri.com<br \/>(+34) 666 225 881<\/p>","protected":false},"excerpt":{"rendered":"<p>Alana pasa gran parte de su tiempo en el aula, por lo que la mejor manera de comunicarse con ella es por correo electr\u00f3nico o WhatsApp en lugar de llamadas telef\u00f3nicas. alana@alanamoceri.com(+34) 666 225 881 &#8230;<\/p>\n<p><a class=\"understrap-read-more-link\" href=\"https:\/\/alanamoceri.com\/es\/contacto\/\">Read The Article <span class=\"screen-reader-text\"> from Contacto<\/span><\/a><\/p>\n","protected":false},"author":1,"featured_media":2948,"parent":0,"menu_order":0,"comment_status":"closed","ping_status":"closed","template":"about-template.php","meta":{"_acf_changed":false,"footnotes":""},"class_list":["post-2884","page","type-page","status-publish","has-post-thumbnail","hentry"],"acf":[],"yoast_head":"<!-- This site is optimized with the Yoast SEO plugin v27.3 - https:\/\/yoast.com\/product\/yoast-seo-wordpress\/ -->\n<title>Contacto Alana Moceri | International Relations Professor, Analyst, Columnist<\/title>\n<meta name=\"description\" content=\"Informaci\u00f3n de contacto de Alana Moceri, profesora de Relaciones Internacionales en IE University, analista en World Politics Review, columnista en El Espa\u00f1ol, comentarista de radio y televisi\u00f3n con sede en Madrid, Espa\u00f1a. Suelo responder a los mensajes de correo electr\u00f3nico y WhatsApp mucho m\u00e1s r\u00e1pido que a las llamadas. alana@alanamoceri.com (+34) 666 225 881\" \/>\n<meta name=\"robots\" content=\"index, follow, max-snippet:-1, max-image-preview:large, max-video-preview:-1\" \/>\n<link rel=\"canonical\" href=\"https:\/\/alanamoceri.com\/es\/contacto\/\" \/>\n<meta property=\"og:locale\" content=\"es_ES\" \/>\n<meta property=\"og:type\" content=\"article\" \/>\n<meta property=\"og:title\" content=\"Contacto Alana Moceri | International Relations Professor, Analyst, Columnist\" \/>\n<meta property=\"og:description\" content=\"Informaci\u00f3n de contacto de Alana Moceri, profesora de Relaciones Internacionales en IE University, analista en World Politics Review, columnista en El Espa\u00f1ol, comentarista de radio y televisi\u00f3n con sede en Madrid, Espa\u00f1a. Suelo responder a los mensajes de correo electr\u00f3nico y WhatsApp mucho m\u00e1s r\u00e1pido que a las llamadas. alana@alanamoceri.com (+34) 666 225 881\" \/>\n<meta property=\"og:url\" content=\"https:\/\/alanamoceri.com\/es\/contacto\/\" \/>\n<meta property=\"og:site_name\" content=\"Alana Moceri\" \/>\n<meta property=\"article:modified_time\" content=\"2024-08-03T09:52:33+00:00\" \/>\n<meta property=\"og:image\" content=\"https:\/\/alanamoceri.com\/wp-content\/uploads\/2023\/12\/1581085226016.jpeg\" \/>\n\t<meta property=\"og:image:width\" content=\"1417\" \/>\n\t<meta property=\"og:image:height\" content=\"994\" \/>\n\t<meta property=\"og:image:type\" content=\"image\/jpeg\" \/>\n<meta name=\"twitter:card\" content=\"summary_large_image\" \/>\n<meta name=\"twitter:label1\" content=\"Tiempo de lectura\" \/>\n\t<meta name=\"twitter:data1\" content=\"1 minuto\" \/>\n<script type=\"application\/ld+json\" class=\"yoast-schema-graph\">{\"@context\":\"https:\\\/\\\/schema.org\",\"@graph\":[{\"@type\":\"WebPage\",\"@id\":\"https:\\\/\\\/alanamoceri.com\\\/es\\\/contacto\\\/\",\"url\":\"https:\\\/\\\/alanamoceri.com\\\/es\\\/contacto\\\/\",\"name\":\"Contacto Alana Moceri | International Relations Professor, Analyst, Columnist\",\"isPartOf\":{\"@id\":\"https:\\\/\\\/alanamoceri.com\\\/es\\\/#website\"},\"primaryImageOfPage\":{\"@id\":\"https:\\\/\\\/alanamoceri.com\\\/es\\\/contacto\\\/#primaryimage\"},\"image\":{\"@id\":\"https:\\\/\\\/alanamoceri.com\\\/es\\\/contacto\\\/#primaryimage\"},\"thumbnailUrl\":\"https:\\\/\\\/alanamoceri.com\\\/wp-content\\\/uploads\\\/2024\\\/08\\\/default-post-thumbnail.png\",\"datePublished\":\"2024-03-29T11:50:16+00:00\",\"dateModified\":\"2024-08-03T09:52:33+00:00\",\"description\":\"Informaci\u00f3n de contacto de Alana Moceri, profesora de Relaciones Internacionales en IE University, analista en World Politics Review, columnista en El Espa\u00f1ol, comentarista de radio y televisi\u00f3n con sede en Madrid, Espa\u00f1a. Suelo responder a los mensajes de correo electr\u00f3nico y WhatsApp mucho m\u00e1s r\u00e1pido que a las llamadas. alana@alanamoceri.com (+34) 666 225 881\",\"breadcrumb\":{\"@id\":\"https:\\\/\\\/alanamoceri.com\\\/es\\\/contacto\\\/#breadcrumb\"},\"inLanguage\":\"es\",\"potentialAction\":[{\"@type\":\"ReadAction\",\"target\":[\"https:\\\/\\\/alanamoceri.com\\\/es\\\/contacto\\\/\"]}]},{\"@type\":\"ImageObject\",\"inLanguage\":\"es\",\"@id\":\"https:\\\/\\\/alanamoceri.com\\\/es\\\/contacto\\\/#primaryimage\",\"url\":\"https:\\\/\\\/alanamoceri.com\\\/wp-content\\\/uploads\\\/2024\\\/08\\\/default-post-thumbnail.png\",\"contentUrl\":\"https:\\\/\\\/alanamoceri.com\\\/wp-content\\\/uploads\\\/2024\\\/08\\\/default-post-thumbnail.png\",\"width\":150,\"height\":150},{\"@type\":\"BreadcrumbList\",\"@id\":\"https:\\\/\\\/alanamoceri.com\\\/es\\\/contacto\\\/#breadcrumb\",\"itemListElement\":[{\"@type\":\"ListItem\",\"position\":1,\"name\":\"Home\",\"item\":\"https:\\\/\\\/alanamoceri.com\\\/es\\\/\"},{\"@type\":\"ListItem\",\"position\":2,\"name\":\"Contacto\"}]},{\"@type\":\"WebSite\",\"@id\":\"https:\\\/\\\/alanamoceri.com\\\/es\\\/#website\",\"url\":\"https:\\\/\\\/alanamoceri.com\\\/es\\\/\",\"name\":\"Alana Moceri\",\"description\":\"International Relations Professor, IE University | Featured analyst at World Politics Review | Columnist at El Espa\u00f1ol | TV &amp; Radio Commentator | Speaker\",\"publisher\":{\"@id\":\"https:\\\/\\\/alanamoceri.com\\\/es\\\/#\\\/schema\\\/person\\\/ce512a8d269984a1ec417b4e7bad5e14\"},\"potentialAction\":[{\"@type\":\"SearchAction\",\"target\":{\"@type\":\"EntryPoint\",\"urlTemplate\":\"https:\\\/\\\/alanamoceri.com\\\/es\\\/?s={search_term_string}\"},\"query-input\":{\"@type\":\"PropertyValueSpecification\",\"valueRequired\":true,\"valueName\":\"search_term_string\"}}],\"inLanguage\":\"es\"},{\"@type\":[\"Person\",\"Organization\"],\"@id\":\"https:\\\/\\\/alanamoceri.com\\\/es\\\/#\\\/schema\\\/person\\\/ce512a8d269984a1ec417b4e7bad5e14\",\"name\":\"Alana Moceri\",\"image\":{\"@type\":\"ImageObject\",\"inLanguage\":\"es\",\"@id\":\"https:\\\/\\\/alanamoceri.com\\\/wp-content\\\/uploads\\\/2024\\\/06\\\/6a010535e26b33970b0240a49c1bfe200b.jpg\",\"url\":\"https:\\\/\\\/alanamoceri.com\\\/wp-content\\\/uploads\\\/2024\\\/06\\\/6a010535e26b33970b0240a49c1bfe200b.jpg\",\"contentUrl\":\"https:\\\/\\\/alanamoceri.com\\\/wp-content\\\/uploads\\\/2024\\\/06\\\/6a010535e26b33970b0240a49c1bfe200b.jpg\",\"width\":1389,\"height\":1389,\"caption\":\"Alana Moceri\"},\"logo\":{\"@id\":\"https:\\\/\\\/alanamoceri.com\\\/wp-content\\\/uploads\\\/2024\\\/06\\\/6a010535e26b33970b0240a49c1bfe200b.jpg\"},\"sameAs\":[\"http:\\\/\\\/alanamoceri.com\"]}]}<\/script>\n<!-- \/ Yoast SEO plugin. -->","yoast_head_json":{"title":"Contacto Alana Moceri | International Relations Professor, Analyst, Columnist","description":"Informaci\u00f3n de contacto de Alana Moceri, profesora de Relaciones Internacionales en IE University, analista en World Politics Review, columnista en El Espa\u00f1ol, comentarista de radio y televisi\u00f3n con sede en Madrid, Espa\u00f1a. Suelo responder a los mensajes de correo electr\u00f3nico y WhatsApp mucho m\u00e1s r\u00e1pido que a las llamadas. alana@alanamoceri.com (+34) 666 225 881","robots":{"index":"index","follow":"follow","max-snippet":"max-snippet:-1","max-image-preview":"max-image-preview:large","max-video-preview":"max-video-preview:-1"},"canonical":"https:\/\/alanamoceri.com\/es\/contacto\/","og_locale":"es_ES","og_type":"article","og_title":"Contacto Alana Moceri | International Relations Professor, Analyst, Columnist","og_description":"Informaci\u00f3n de contacto de Alana Moceri, profesora de Relaciones Internacionales en IE University, analista en World Politics Review, columnista en El Espa\u00f1ol, comentarista de radio y televisi\u00f3n con sede en Madrid, Espa\u00f1a. Suelo responder a los mensajes de correo electr\u00f3nico y WhatsApp mucho m\u00e1s r\u00e1pido que a las llamadas. alana@alanamoceri.com (+34) 666 225 881","og_url":"https:\/\/alanamoceri.com\/es\/contacto\/","og_site_name":"Alana Moceri","article_modified_time":"2024-08-03T09:52:33+00:00","og_image":[{"width":1417,"height":994,"url":"https:\/\/alanamoceri.com\/wp-content\/uploads\/2023\/12\/1581085226016.jpeg","type":"image\/jpeg"}],"twitter_card":"summary_large_image","twitter_misc":{"Tiempo de lectura":"1 minuto"},"schema":{"@context":"https:\/\/schema.org","@graph":[{"@type":"WebPage","@id":"https:\/\/alanamoceri.com\/es\/contacto\/","url":"https:\/\/alanamoceri.com\/es\/contacto\/","name":"Contacto Alana Moceri | International Relations Professor, Analyst, Columnist","isPartOf":{"@id":"https:\/\/alanamoceri.com\/es\/#website"},"primaryImageOfPage":{"@id":"https:\/\/alanamoceri.com\/es\/contacto\/#primaryimage"},"image":{"@id":"https:\/\/alanamoceri.com\/es\/contacto\/#primaryimage"},"thumbnailUrl":"https:\/\/alanamoceri.com\/wp-content\/uploads\/2024\/08\/default-post-thumbnail.png","datePublished":"2024-03-29T11:50:16+00:00","dateModified":"2024-08-03T09:52:33+00:00","description":"Informaci\u00f3n de contacto de Alana Moceri, profesora de Relaciones Internacionales en IE University, analista en World Politics Review, columnista en El Espa\u00f1ol, comentarista de radio y televisi\u00f3n con sede en Madrid, Espa\u00f1a. Suelo responder a los mensajes de correo electr\u00f3nico y WhatsApp mucho m\u00e1s r\u00e1pido que a las llamadas. alana@alanamoceri.com (+34) 666 225 881","breadcrumb":{"@id":"https:\/\/alanamoceri.com\/es\/contacto\/#breadcrumb"},"inLanguage":"es","potentialAction":[{"@type":"ReadAction","target":["https:\/\/alanamoceri.com\/es\/contacto\/"]}]},{"@type":"ImageObject","inLanguage":"es","@id":"https:\/\/alanamoceri.com\/es\/contacto\/#primaryimage","url":"https:\/\/alanamoceri.com\/wp-content\/uploads\/2024\/08\/default-post-thumbnail.png","contentUrl":"https:\/\/alanamoceri.com\/wp-content\/uploads\/2024\/08\/default-post-thumbnail.png","width":150,"height":150},{"@type":"BreadcrumbList","@id":"https:\/\/alanamoceri.com\/es\/contacto\/#breadcrumb","itemListElement":[{"@type":"ListItem","position":1,"name":"Home","item":"https:\/\/alanamoceri.com\/es\/"},{"@type":"ListItem","position":2,"name":"Contacto"}]},{"@type":"WebSite","@id":"https:\/\/alanamoceri.com\/es\/#website","url":"https:\/\/alanamoceri.com\/es\/","name":"Alana Moceri","description":"International Relations Professor, IE University | Featured analyst at World Politics Review | Columnist at El Espa\u00f1ol | TV &amp; Radio Commentator | Speaker","publisher":{"@id":"https:\/\/alanamoceri.com\/es\/#\/schema\/person\/ce512a8d269984a1ec417b4e7bad5e14"},"potentialAction":[{"@type":"SearchAction","target":{"@type":"EntryPoint","urlTemplate":"https:\/\/alanamoceri.com\/es\/?s={search_term_string}"},"query-input":{"@type":"PropertyValueSpecification","valueRequired":true,"valueName":"search_term_string"}}],"inLanguage":"es"},{"@type":["Person","Organization"],"@id":"https:\/\/alanamoceri.com\/es\/#\/schema\/person\/ce512a8d269984a1ec417b4e7bad5e14","name":"Alana Moceri","image":{"@type":"ImageObject","inLanguage":"es","@id":"https:\/\/alanamoceri.com\/wp-content\/uploads\/2024\/06\/6a010535e26b33970b0240a49c1bfe200b.jpg","url":"https:\/\/alanamoceri.com\/wp-content\/uploads\/2024\/06\/6a010535e26b33970b0240a49c1bfe200b.jpg","contentUrl":"https:\/\/alanamoceri.com\/wp-content\/uploads\/2024\/06\/6a010535e26b33970b0240a49c1bfe200b.jpg","width":1389,"height":1389,"caption":"Alana Moceri"},"logo":{"@id":"https:\/\/alanamoceri.com\/wp-content\/uploads\/2024\/06\/6a010535e26b33970b0240a49c1bfe200b.jpg"},"sameAs":["http:\/\/alanamoceri.com"]}]}},"_links":{"self":[{"href":"https:\/\/alanamoceri.com\/es\/wp-json\/wp\/v2\/pages\/2884","targetHints":{"allow":["GET"]}}],"collection":[{"href":"https:\/\/alanamoceri.com\/es\/wp-json\/wp\/v2\/pages"}],"about":[{"href":"https:\/\/alanamoceri.com\/es\/wp-json\/wp\/v2\/types\/page"}],"author":[{"embeddable":true,"href":"https:\/\/alanamoceri.com\/es\/wp-json\/wp\/v2\/users\/1"}],"replies":[{"embeddable":true,"href":"https:\/\/alanamoceri.com\/es\/wp-json\/wp\/v2\/comments?post=2884"}],"version-history":[{"count":6,"href":"https:\/\/alanamoceri.com\/es\/wp-json\/wp\/v2\/pages\/2884\/revisions"}],"predecessor-version":[{"id":3020,"href":"https:\/\/alanamoceri.com\/es\/wp-json\/wp\/v2\/pages\/2884\/revisions\/3020"}],"wp:featuredmedia":[{"embeddable":true,"href":"https:\/\/alanamoceri.com\/es\/wp-json\/wp\/v2\/media\/2948"}],"wp:attachment":[{"href":"https:\/\/alanamoceri.com\/es\/wp-json\/wp\/v2\/media?parent=2884"}],"curies":[{"name":"wp","href":"https:\/\/api.w.org\/{rel}","templated":true}]}}